{"id":8482,"date":"2023-02-15T23:30:07","date_gmt":"2023-02-15T23:30:07","guid":{"rendered":"https:\/\/bilarbela.com.mx\/?post_type=product&#038;p=8482"},"modified":"2023-02-20T22:21:13","modified_gmt":"2023-02-20T22:21:13","slug":"clamatos","status":"publish","type":"product","link":"https:\/\/bilarbela.com.mx\/?product=clamatos","title":{"rendered":"Clamatos"},"content":{"rendered":"<ul>\n<li style=\"list-style-type: none;\">\n<ul>\n<li><strong>Clamato 64 OZ. Caja de 12 Unidades<\/strong><\/li>\n<li><strong>Clamato 32 OZ. caja de 12 unidades<\/strong><\/li>\n<\/ul>\n<\/li>\n<\/ul>\n<p>&nbsp;<\/p>\n<p>El sabor de Clamato es ligeramente salado y picante, lo que lo hace perfecto para tomar solo o como base para preparar c\u00f3cteles. Esta bebida es ideal para aquellos que buscan una bebida diferente y deliciosa, y es perfecta para tomar en cualquier momento del d\u00eda.<\/p>\n<p>&nbsp;<\/p>\n<p>Clamato 64 OZ. Box of 12 Units<br \/>\nClamato 32 OZ. box of 12 units<\/p>\n<p>&nbsp;<\/p>\n<p>Clamato&#8217;s flavor is slightly salty and spicy, making it perfect to drink neat or as a base for cocktails. This drink is ideal for those who are looking for a different and delicious drink, and it is perfect to drink at any time of the day.<\/p>\n","protected":false},"excerpt":{"rendered":"<ul>\n<li style=\"list-style-type: none;\">\n<ul>\n<li><strong>Clamato 64 OZ. Caja de 12 Unidades<\/strong><\/li>\n<li><strong>Clamato 32 OZ. caja de 12 unidades<\/strong><\/li>\n<\/ul>\n<\/li>\n<\/ul>\n<p>&nbsp;<\/p>\n<p>Clamato es la bebida perfecta para aquellos que buscan un sabor \u00fanico y refrescante. Esta bebida est\u00e1 hecha con una deliciosa mezcla de jugo de tomate, salsa de almejas, lim\u00f3n, especias y otros ingredientes secretos que le dan su caracter\u00edstico sabor.<\/p>\n<p>&nbsp;<\/p>\n<p>&nbsp;<\/p>\n<p>Clamato 64 OZ. Box of 12 Units<br \/>\nClamato 32 OZ. box of 12 units<\/p>\n<p>&nbsp;<\/p>\n<p>Clamato is the perfect drink for those looking for a unique and refreshing taste. This drink is made with a delicious mix of tomato juice, clam sauce, lemon, spices and other secret ingredients that give it its characteristic flavor.<\/p>\n<p><img decoding=\"async\" loading=\"lazy\" class=\"alignnone size-full wp-image-8483\" src=\"https:\/\/bilarbela.com.mx\/wp-content\/uploads\/2023\/02\/Enmascarar-grupo-5.png\" alt=\"\" width=\"646\" height=\"798\" \/><\/p>\n","protected":false},"featured_media":8483,"template":"","meta":[],"product_cat":[95],"product_tag":[],"_links":{"self":[{"href":"https:\/\/bilarbela.com.mx\/index.php?rest_route=\/wp\/v2\/product\/8482"}],"collection":[{"href":"https:\/\/bilarbela.com.mx\/index.php?rest_route=\/wp\/v2\/product"}],"about":[{"href":"https:\/\/bilarbela.com.mx\/index.php?rest_route=\/wp\/v2\/types\/product"}],"wp:featuredmedia":[{"embeddable":true,"href":"https:\/\/bilarbela.com.mx\/index.php?rest_route=\/wp\/v2\/media\/8483"}],"wp:attachment":[{"href":"https:\/\/bilarbela.com.mx\/index.php?rest_route=%2Fwp%2Fv2%2Fmedia&parent=8482"}],"wp:term":[{"taxonomy":"product_cat","embeddable":true,"href":"https:\/\/bilarbela.com.mx\/index.php?rest_route=%2Fwp%2Fv2%2Fproduct_cat&post=8482"},{"taxonomy":"product_tag","embeddable":true,"href":"https:\/\/bilarbela.com.mx\/index.php?rest_route=%2Fwp%2Fv2%2Fproduct_tag&post=8482"}],"curies":[{"name":"wp","href":"https:\/\/api.w.org\/{rel}","templated":true}]}}